{"id":8787,"date":"2022-09-06T11:49:32","date_gmt":"2022-09-06T11:49:32","guid":{"rendered":"https:\/\/praguedesignstudio.com\/cookie-policy\/"},"modified":"2022-09-06T11:49:32","modified_gmt":"2022-09-06T11:49:32","slug":"cookie-policy","status":"publish","type":"page","link":"https:\/\/praguedesignstudio.com\/cs\/cookie-policy\/","title":{"rendered":"Z\u00e1sady pou\u017e\u00edv\u00e1n\u00ed soubor\u016f cookie"},"content":{"rendered":"<div data-elementor-type=\"wp-page\" data-elementor-id=\"8787\" class=\"elementor elementor-8787\" data-elementor-post-type=\"page\">\n\t\t\t\t<div class=\"elementor-element elementor-element-ce58485 e-flex e-con-boxed e-con e-parent\" data-id=\"ce58485\" data-element_type=\"container\" data-e-type=\"container\">\n\t\t\t\t\t<div class=\"e-con-inner\">\n\t\t\t\t<div class=\"elementor-element elementor-element-4e39789 elementor-widget elementor-widget-text-editor\" data-id=\"4e39789\" data-element_type=\"widget\" data-e-type=\"widget\" data-widget_type=\"text-editor.default\">\n\t\t\t\t<div class=\"elementor-widget-container\">\n\t\t\t\t\t\t\t\t\t<h2>V\u00fdklad a definice<\/h2>\n<h3>V\u00fdklad<\/h3>\nSlova, jejich\u017e po\u010d\u00e1te\u010dn\u00ed p\u00edsmeno je ps\u00e1no velk\u00fdm p\u00edsmenem, maj\u00ed v\u00fdznam definovan\u00fd za n\u00e1sleduj\u00edc\u00edch podm\u00ednek. N\u00e1sleduj\u00edc\u00ed definice maj\u00ed stejn\u00fd v\u00fdznam bez ohledu na to, zda jsou uvedeny v jednotn\u00e9m nebo mno\u017en\u00e9m \u010d\u00edsle.\n\n<hr class=\"the7-p-gap\" style=\"padding-bottom: 30px;\" data-wp-editing=\"1\" \/>\n\n<h3>Definice<\/h3>\nPro \u00fa\u010dely t\u011bchto Z\u00e1sad pou\u017e\u00edv\u00e1n\u00ed soubor\u016f cookie:\n\n- \"Spole\u010dnost\" (v t\u011bchto Z\u00e1sad\u00e1ch pou\u017e\u00edv\u00e1n\u00ed soubor\u016f cookie ozna\u010dovan\u00e1 jako \"Spole\u010dnost\", \"My\", \"N\u00e1s\" nebo \"Na\u0161e\") se vztahuje na [INFORMACE O SPOLE\u010cNOSTI].\n\n- \"Soubory cookie\" se rozum\u00ed mal\u00e9 soubory, kter\u00e9 webov\u00e9 str\u00e1nky ukl\u00e1daj\u00ed do Va\u0161eho po\u010d\u00edta\u010de, mobiln\u00edho za\u0159\u00edzen\u00ed nebo jin\u00e9ho za\u0159\u00edzen\u00ed a kter\u00e9 mimo jin\u00e9 obsahuj\u00ed podrobnosti o historii Va\u0161eho prohl\u00ed\u017een\u00ed na t\u011bchto webov\u00fdch str\u00e1nk\u00e1ch.\n\n- \"Webov\u00e9 str\u00e1nky\" odkazuj\u00ed na [N\u00c1ZEV WEBOV\u00ddCH STR\u00c1NEK], kter\u00e9 jsou p\u0159\u00edstupn\u00e9 z [URL STR\u00c1NEK].\n\n- \"Vy\" znamen\u00e1 fyzickou osobu, kter\u00e1 p\u0159istupuje k Webov\u00fdm str\u00e1nk\u00e1m nebo je pou\u017e\u00edv\u00e1, p\u0159\u00edpadn\u011b spole\u010dnost nebo jakoukoli pr\u00e1vnickou osobu, jej\u00edm\u017e jm\u00e9nem takov\u00e1 osoba p\u0159istupuje k Webov\u00fdm str\u00e1nk\u00e1m nebo je pou\u017e\u00edv\u00e1.\n\n<hr class=\"the7-p-gap\" style=\"padding-bottom: 60px;\" \/>\n\n<h2>Pou\u017e\u00edv\u00e1n\u00ed soubor\u016f cookie<\/h2>\n<h3>Typ soubor\u016f cookie, kter\u00e9 pou\u017e\u00edv\u00e1me<\/h3>\nSoubory cookie mohou b\u00fdt \"trval\u00e9\" nebo \"rela\u010dn\u00ed\". Trval\u00e9 soubory cookie z\u016fst\u00e1vaj\u00ed ve va\u0161em osobn\u00edm po\u010d\u00edta\u010di nebo mobiln\u00edm za\u0159\u00edzen\u00ed, i kdy\u017e jste offline, zat\u00edmco rela\u010dn\u00ed soubory cookie se vyma\u017eou, jakmile zav\u0159ete webov\u00fd prohl\u00ed\u017ee\u010d.\n\n<hr class=\"the7-p-gap\" style=\"padding-bottom: 30px;\" \/>\n\n<h3>Pro \u00fa\u010dely uveden\u00e9 n\u00ed\u017ee pou\u017e\u00edv\u00e1me jak rela\u010dn\u00ed, tak trval\u00e9 soubory cookie:<\/h3>\n- Nezbytn\u00e9 \/ nezbytn\u00e9 Soubory cookie Typ: Soubory cookie relace Spravuje: Tyto soubory cookie jsou nezbytn\u00e9 k tomu, abyste mohli vyu\u017e\u00edvat slu\u017eby dostupn\u00e9 prost\u0159ednictv\u00edm webov\u00fdch str\u00e1nek a abyste mohli vyu\u017e\u00edvat n\u011bkter\u00e9 jejich funkce. Pom\u00e1haj\u00ed ov\u011b\u0159ovat u\u017eivatele a zabra\u0148uj\u00ed podvodn\u00e9mu pou\u017e\u00edv\u00e1n\u00ed u\u017eivatelsk\u00fdch \u00fa\u010dt\u016f. Bez t\u011bchto soubor\u016f Cookies nelze poskytovat slu\u017eby, o kter\u00e9 jste po\u017e\u00e1dali, a my tyto soubory Cookies pou\u017e\u00edv\u00e1me pouze k tomu, abychom v\u00e1m tyto slu\u017eby mohli poskytovat.\n\n- Z\u00e1sady pou\u017e\u00edv\u00e1n\u00ed soubor\u016f cookie \/ ozn\u00e1men\u00ed o p\u0159ijet\u00ed Soubory cookie Typ: Soubory cookie: Trval\u00e9 soubory cookie Spravuje: Tyto soubory cookie identifikuj\u00ed, zda u\u017eivatel\u00e9 souhlasili s pou\u017e\u00edv\u00e1n\u00edm soubor\u016f cookie na webov\u00fdch str\u00e1nk\u00e1ch.\n\n- Typ funk\u010dn\u00edch soubor\u016f cookie: Trval\u00e9 soubory cookie Spravuje: Tyto soubory cookie n\u00e1m umo\u017e\u0148uj\u00ed zapamatovat si volby, kter\u00e9 u\u010din\u00edte p\u0159i pou\u017e\u00edv\u00e1n\u00ed Webov\u00fdch str\u00e1nek, nap\u0159\u00edklad zapamatovat si va\u0161e p\u0159ihla\u0161ovac\u00ed \u00fadaje nebo jazykov\u00e9 preference. \u00da\u010delem t\u011bchto soubor\u016f cookie je poskytnout V\u00e1m osobn\u011bj\u0161\u00ed z\u00e1\u017eitek a zabr\u00e1nit tomu, abyste museli p\u0159i ka\u017ed\u00e9m pou\u017eit\u00ed Webov\u00fdch str\u00e1nek znovu zad\u00e1vat sv\u00e9 preference.\n\n- Sledovac\u00ed a v\u00fdkonnostn\u00ed soubory cookie Typ: Trval\u00e9 soubory cookie Spravuje: T\u0159et\u00ed strany \u00da\u010del: Tyto soubory cookie se pou\u017e\u00edvaj\u00ed ke sledov\u00e1n\u00ed informac\u00ed o n\u00e1v\u0161t\u011bvnosti Webov\u00fdch str\u00e1nek a o tom, jak u\u017eivatel\u00e9 Webov\u00e9 str\u00e1nky pou\u017e\u00edvaj\u00ed. Informace shrom\u00e1\u017ed\u011bn\u00e9 prost\u0159ednictv\u00edm t\u011bchto Soubor\u016f cookie v\u00e1s mohou p\u0159\u00edmo \u010di nep\u0159\u00edmo identifikovat jako individu\u00e1ln\u00edho n\u00e1v\u0161t\u011bvn\u00edka. Je tomu tak proto, \u017ee shrom\u00e1\u017ed\u011bn\u00e9 informace jsou obvykle spojeny s pseudonymn\u00edm identifik\u00e1torem spojen\u00fdm se za\u0159\u00edzen\u00edm, kter\u00e9 pou\u017e\u00edv\u00e1te k p\u0159\u00edstupu na Webov\u00e9 str\u00e1nky. Tyto soubory cookie m\u016f\u017eeme tak\u00e9 pou\u017e\u00edvat k testov\u00e1n\u00ed nov\u00fdch reklam, str\u00e1nek, funkc\u00ed nebo nov\u00fdch funkc\u00ed Webov\u00fdch str\u00e1nek, abychom zjistili, jak na n\u011b na\u0161i u\u017eivatel\u00e9 reaguj\u00ed.\n\n<hr class=\"the7-p-gap\" style=\"padding-bottom: 60px;\" \/>\n\n<h2>Va\u0161e volby t\u00fdkaj\u00edc\u00ed se soubor\u016f cookie<\/h2>\nPokud se chcete vyhnout pou\u017e\u00edv\u00e1n\u00ed soubor\u016f cookie na webov\u00fdch str\u00e1nk\u00e1ch, mus\u00edte nejprve zak\u00e1zat pou\u017e\u00edv\u00e1n\u00ed soubor\u016f cookie ve sv\u00e9m prohl\u00ed\u017ee\u010di a pot\u00e9 vymazat soubory cookie ulo\u017een\u00e9 ve va\u0161em prohl\u00ed\u017ee\u010di a spojen\u00e9 s t\u011bmito webov\u00fdmi str\u00e1nkami. Tuto mo\u017enost zabr\u00e1n\u011bn\u00ed pou\u017e\u00edv\u00e1n\u00ed soubor\u016f Cookies m\u016f\u017eete kdykoli pou\u017e\u00edt.\n\nPokud na\u0161e Cookies nep\u0159ijmete, m\u016f\u017ee doj\u00edt k ur\u010dit\u00fdm nep\u0159\u00edjemnostem p\u0159i pou\u017e\u00edv\u00e1n\u00ed Webov\u00fdch str\u00e1nek a n\u011bkter\u00e9 funkce nemus\u00ed fungovat spr\u00e1vn\u011b.\n\nPokud chcete odstranit soubory Cookies nebo d\u00e1t pokyn sv\u00e9mu webov\u00e9mu prohl\u00ed\u017ee\u010di, aby soubory Cookies odstranil nebo odm\u00edtl, nav\u0161tivte pros\u00edm str\u00e1nky n\u00e1pov\u011bdy sv\u00e9ho webov\u00e9ho prohl\u00ed\u017ee\u010de.\n\nV p\u0159\u00edpad\u011b webov\u00e9ho prohl\u00ed\u017ee\u010de Chrome nav\u0161tivte tuto str\u00e1nku spole\u010dnosti Google: https:\/\/support.google.com\/accounts\/answer\/32050.\n\nPro webov\u00fd prohl\u00ed\u017ee\u010d Internet Explorer nav\u0161tivte tuto str\u00e1nku spole\u010dnosti Microsoft: http:\/\/support.microsoft.com\/kb\/278835.\n\nWebov\u00fd prohl\u00ed\u017ee\u010d Firefox naleznete na t\u00e9to str\u00e1nce spole\u010dnosti Mozilla: https:\/\/support.mozilla.org\/en-US\/kb\/delete-cookies-remove-info-websites-stored.\n\nWebov\u00fd prohl\u00ed\u017ee\u010d Safari naleznete na t\u00e9to str\u00e1nce spole\u010dnosti Apple: https:\/\/support.apple.com\/guide\/safari\/manage-cookies-and-website-data-sfri11471\/mac.\n\nPro jak\u00fdkoli jin\u00fd webov\u00fd prohl\u00ed\u017ee\u010d nav\u0161tivte ofici\u00e1ln\u00ed webov\u00e9 str\u00e1nky sv\u00e9ho prohl\u00ed\u017ee\u010de.\n\n<hr class=\"the7-p-gap\" style=\"padding-bottom: 60px;\" \/>\n\n<h2>Kontaktujte n\u00e1s<\/h2>\nM\u00e1te-li jak\u00e9koli dotazy t\u00fdkaj\u00edc\u00ed se t\u011bchto z\u00e1sad pou\u017e\u00edv\u00e1n\u00ed soubor\u016f cookie, m\u016f\u017eete n\u00e1s kontaktovat:\n\n- Na t\u00e9to str\u00e1nce na na\u0161ich webov\u00fdch str\u00e1nk\u00e1ch: [URL KONTAKTN\u00cd STR\u00c1NKY WEBU]\n- Zasl\u00e1n\u00edm e-mailu: [KONTAKTN\u00cd E-MAIL WEBOV\u00c9 STR\u00c1NKY].\t\t\t\t\t\t\t\t<\/div>\n\t\t\t\t<\/div>\n\t\t\t\t\t<\/div>\n\t\t\t\t<\/div>\n\t\t\t\t<\/div>","protected":false},"excerpt":{"rendered":"","protected":false},"author":1,"featured_media":0,"parent":0,"menu_order":75,"comment_status":"closed","ping_status":"closed","template":"","meta":{"_themeisle_gutenberg_block_has_review":false,"footnotes":""},"class_list":["post-8787","page","type-page","status-publish","hentry"],"_links":{"self":[{"href":"https:\/\/praguedesignstudio.com\/cs\/wp-json\/wp\/v2\/pages\/8787","targetHints":{"allow":["GET"]}}],"collection":[{"href":"https:\/\/praguedesignstudio.com\/cs\/wp-json\/wp\/v2\/pages"}],"about":[{"href":"https:\/\/praguedesignstudio.com\/cs\/wp-json\/wp\/v2\/types\/page"}],"author":[{"embeddable":true,"href":"https:\/\/praguedesignstudio.com\/cs\/wp-json\/wp\/v2\/users\/1"}],"replies":[{"embeddable":true,"href":"https:\/\/praguedesignstudio.com\/cs\/wp-json\/wp\/v2\/comments?post=8787"}],"version-history":[{"count":0,"href":"https:\/\/praguedesignstudio.com\/cs\/wp-json\/wp\/v2\/pages\/8787\/revisions"}],"wp:attachment":[{"href":"https:\/\/praguedesignstudio.com\/cs\/wp-json\/wp\/v2\/media?parent=8787"}],"curies":[{"name":"wp","href":"https:\/\/api.w.org\/{rel}","templated":true}]}}