{"id":7,"date":"2019-11-26T12:23:14","date_gmt":"2019-11-26T12:23:14","guid":{"rendered":"https:\/\/praguedesignstudio.com\/?page_id=7"},"modified":"2023-11-22T10:25:49","modified_gmt":"2023-11-22T10:25:49","slug":"contact","status":"publish","type":"page","link":"https:\/\/praguedesignstudio.com\/cs\/contact\/","title":{"rendered":"Kontaktujte m\u011b"},"content":{"rendered":"<div id=\"wp-block-themeisle-blocks-advanced-columns-bcbef4b5\" class=\"wp-block-themeisle-blocks-advanced-columns alignfull has-1-columns has-desktop-equal-layout has-tablet-equal-layout has-mobile-equal-layout has-vertical-unset\">\r\n<div class=\"wp-block-themeisle-blocks-advanced-columns-overlay\">\u00a0<\/div>\r\n<div class=\"innerblocks-wrap\">\r\n<div id=\"wp-block-themeisle-blocks-advanced-column-08c6144b\" class=\"wp-block-themeisle-blocks-advanced-column\">\r\n<h1 id=\"contact-me\" class=\"ticss-323b0dc0 wp-block-heading\">Kontaktujte m\u011b<\/h1>\r\n<\/div>\r\n<\/div>\r\n<\/div>\r\n\r\n\r\n\r\n<div id=\"wp-block-themeisle-blocks-advanced-columns-eace65bb\" class=\"wp-block-themeisle-blocks-advanced-columns alignfull has-2-columns has-desktop-equal-layout has-tablet-equal-layout has-mobile-collapsedRows-layout has-vertical-unset ticss-caf6e84b\">\r\n<div class=\"wp-block-themeisle-blocks-advanced-columns-overlay\">\u00a0<\/div>\r\n<div class=\"innerblocks-wrap\">\r\n<div id=\"wp-block-themeisle-blocks-advanced-column-54cebeb3\" class=\"wp-block-themeisle-blocks-advanced-column\"><hr class=\"wp-block-separator has-text-color has-background has-black-background-color has-black-color ticss-c859e1b5 is-style-wide\" \/>\r\n\r\n\r\n<p id=\"wp-block-themeisle-blocks-advanced-heading-b857909f\" class=\"wp-block-themeisle-blocks-advanced-heading wp-block-themeisle-blocks-advanced-heading-b857909f\"><strong>soci\u00e1ln\u00ed Sledov\u00e1n\u00ed<\/strong><\/p>\r\n\r\n\r\n\r\n<h2 class=\"wp-block-heading\" id=\"connect-with-us\">Spojte se s n\u00e1mi<\/h2>\r\n\r\n\r\n\r\n<h3 class=\"wp-block-heading\" id=\"ic\">I\u010c:<\/h3>\r\n\r\n\r\n\r\n<p>08349541<\/p>\r\n\r\n\r\n\r\n<p>Bazovsk\u00e9ho, 163 00 Praha<\/p>\r\n\r\n\r\n\r\n<p>+420 705 906 298<\/p>\r\n<\/div>\r\n\r\n\r\n\r\n<div id=\"wp-block-themeisle-blocks-advanced-column-12b83180\" class=\"wp-block-themeisle-blocks-advanced-column ticss-5418d6a3\"><hr class=\"wp-block-separator has-text-color has-background has-black-background-color has-black-color ticss-c859e1b5 is-style-wide\" \/>\r\n\r\n\r\n<p id=\"wp-block-themeisle-blocks-advanced-heading-dfeacf54\" class=\"wp-block-themeisle-blocks-advanced-heading wp-block-themeisle-blocks-advanced-heading-dfeacf54\"><strong>P\u0159\u00edm\u00e1 zpr\u00e1va<\/strong><\/p>\r\n\r\n\r\n\r\n<h2 class=\"wp-block-heading\" id=\"send-a-message\">O va\u0161\u00ed \u017e\u00e1dosti<\/h2>\r\n\r\n\r\n<p> [wpforms id=\"500\u2033 title=\"false\" description=\"false\"] <\/p>\n<\/div>\r\n<\/div>\r\n<\/div>","protected":false},"excerpt":{"rendered":"","protected":false},"author":1,"featured_media":0,"parent":0,"menu_order":0,"comment_status":"closed","ping_status":"closed","template":"","meta":{"_themeisle_gutenberg_block_has_review":false,"footnotes":""},"class_list":["post-7","page","type-page","status-publish","hentry"],"_links":{"self":[{"href":"https:\/\/praguedesignstudio.com\/cs\/wp-json\/wp\/v2\/pages\/7","targetHints":{"allow":["GET"]}}],"collection":[{"href":"https:\/\/praguedesignstudio.com\/cs\/wp-json\/wp\/v2\/pages"}],"about":[{"href":"https:\/\/praguedesignstudio.com\/cs\/wp-json\/wp\/v2\/types\/page"}],"author":[{"embeddable":true,"href":"https:\/\/praguedesignstudio.com\/cs\/wp-json\/wp\/v2\/users\/1"}],"replies":[{"embeddable":true,"href":"https:\/\/praguedesignstudio.com\/cs\/wp-json\/wp\/v2\/comments?post=7"}],"version-history":[{"count":0,"href":"https:\/\/praguedesignstudio.com\/cs\/wp-json\/wp\/v2\/pages\/7\/revisions"}],"wp:attachment":[{"href":"https:\/\/praguedesignstudio.com\/cs\/wp-json\/wp\/v2\/media?parent=7"}],"curies":[{"name":"wp","href":"https:\/\/api.w.org\/{rel}","templated":true}]}}