{"id":5475,"date":"2021-10-01T13:01:38","date_gmt":"2021-10-01T13:01:38","guid":{"rendered":"https:\/\/praguedesignstudio.com\/terms-conditions\/"},"modified":"2025-01-11T22:18:03","modified_gmt":"2025-01-11T22:18:03","slug":"terms-conditions","status":"publish","type":"page","link":"https:\/\/praguedesignstudio.com\/cs\/terms-conditions\/","title":{"rendered":"Podm\u00ednky a pravidla"},"content":{"rendered":"<div data-elementor-type=\"wp-page\" data-elementor-id=\"5475\" class=\"elementor elementor-5475\" data-elementor-post-type=\"page\">\n\t\t\t\t<div class=\"elementor-element elementor-element-f366426 e-flex e-con-boxed e-con e-parent\" data-id=\"f366426\" data-element_type=\"container\" data-e-type=\"container\">\n\t\t\t\t\t<div class=\"e-con-inner\">\n\t\t\t\t<div class=\"elementor-element elementor-element-2a890ce elementor-widget elementor-widget-text-editor\" data-id=\"2a890ce\" data-element_type=\"widget\" data-e-type=\"widget\" data-widget_type=\"text-editor.default\">\n\t\t\t\t<div class=\"elementor-widget-container\">\n\t\t\t\t\t\t\t\t\t<h1>Podm\u00ednky a pravidla<\/h1><p><strong>Posledn\u00ed aktualizace: [Datum]<\/strong><\/p><p>V\u00edtejte v <strong><a href=\"https:\/\/praguedesignstudio.com\/cs\/\" target=\"_new\" rel=\"noopener\">www.praguedesignstudio.com<\/a><\/strong> (\"Str\u00e1nky\"), kter\u00e9 provozuje <strong>Pra\u017esk\u00e9 designov\u00e9 studio (OSVC)<\/strong> (\"my\", \"n\u00e1s\" nebo \"na\u0161e\"). P\u0159\u00edstupem na tyto str\u00e1nky nebo jejich pou\u017e\u00edv\u00e1n\u00edm souhlas\u00edte s n\u00e1sleduj\u00edc\u00edmi podm\u00ednkami (\"podm\u00ednky\"). Pokud s t\u011bmito podm\u00ednkami nesouhlas\u00edte, nepou\u017e\u00edvejte tyto str\u00e1nky.<\/p><h2>1. P\u0159ijet\u00ed podm\u00ednek<\/h2><p>1.1. Tyto podm\u00ednky upravuj\u00ed pou\u017e\u00edv\u00e1n\u00ed Str\u00e1nek, v\u010detn\u011b ve\u0161ker\u00e9ho obsahu, slu\u017eeb a funkc\u00ed zp\u0159\u00edstupn\u011bn\u00fdch na Str\u00e1nk\u00e1ch nebo jejich prost\u0159ednictv\u00edm.<br \/>1.2. Vyhrazujeme si pr\u00e1vo tyto Podm\u00ednky kdykoli aktualizovat nebo upravit, p\u0159i\u010dem\u017e tyto zm\u011bny vstoup\u00ed v platnost okam\u017eit\u011b po zve\u0159ejn\u011bn\u00ed upraven\u00fdch Podm\u00ednek na Str\u00e1nk\u00e1ch. Va\u0161e dal\u0161\u00ed pou\u017e\u00edv\u00e1n\u00ed Str\u00e1nek po takov\u00fdch zm\u011bn\u00e1ch znamen\u00e1 v\u00e1\u0161 souhlas s nov\u00fdmi Podm\u00ednkami.<\/p><h2>2. Pr\u00e1va du\u0161evn\u00edho vlastnictv\u00ed<\/h2><p>2.1. Ve\u0161ker\u00e9 materi\u00e1ly, n\u00e1vrhy, texty, grafika, loga, obr\u00e1zky, software a dal\u0161\u00ed obsah (d\u00e1le jen \"obsah\") zobrazen\u00e9 na t\u011bchto str\u00e1nk\u00e1ch nebo p\u0159\u00edstupn\u00e9 prost\u0159ednictv\u00edm t\u011bchto str\u00e1nek jsou v\u00fdhradn\u00edm vlastnictv\u00edm spole\u010dnosti. <strong>Pra\u017esk\u00e9 designov\u00e9 studio (OSVC)<\/strong> nebo jej\u00edmi poskytovateli licence a jsou chr\u00e1n\u011bny p\u0159\u00edslu\u0161n\u00fdmi z\u00e1kony o du\u0161evn\u00edm vlastnictv\u00ed.<br \/>2.2. Bez na\u0161eho v\u00fdslovn\u00e9ho p\u00edsemn\u00e9ho souhlasu nesm\u00edte reprodukovat, d\u00e1le \u0161\u00ed\u0159it, publikovat, upravovat nebo vytv\u00e1\u0159et odvozen\u00e1 d\u00edla z jak\u00e9hokoli obsahu na t\u011bchto str\u00e1nk\u00e1ch, s v\u00fdjimkou vlastn\u00edho osobn\u00edho nekomer\u010dn\u00edho pou\u017eit\u00ed.<\/p><h2>3. Pou\u017e\u00edv\u00e1n\u00ed str\u00e1nek<\/h2><p>3.1. Souhlas\u00edte s t\u00edm, \u017ee budete Str\u00e1nky pou\u017e\u00edvat pouze k z\u00e1konn\u00fdm \u00fa\u010del\u016fm a v souladu s t\u011bmito Podm\u00ednkami.<br \/>3.2. Je zak\u00e1z\u00e1no:<\/p><ul><li>Pou\u017e\u00edv\u00e1n\u00ed Str\u00e1nek zp\u016fsobem, kter\u00fd by mohl po\u0161kodit, znemo\u017enit, p\u0159et\u00ed\u017eit nebo znehodnotit Str\u00e1nky nebo naru\u0161it pou\u017e\u00edv\u00e1n\u00ed Str\u00e1nek jinou stranou.<\/li><li>Pokus o neopr\u00e1vn\u011bn\u00fd p\u0159\u00edstup k jak\u00e9koli \u010d\u00e1sti nebo funkci Str\u00e1nek nebo k jak\u00fdmkoli jin\u00fdm syst\u00e9m\u016fm \u010di s\u00edt\u00edm p\u0159ipojen\u00fdm ke Str\u00e1nk\u00e1m.<\/li><li>Nahr\u00e1v\u00e1n\u00ed, p\u0159enos nebo distribuce vir\u016f, malwaru nebo jin\u00e9ho \u0161kodliv\u00e9ho k\u00f3du.<\/li><li>\u00da\u010dastnit se jak\u00e9hokoli chov\u00e1n\u00ed, kter\u00e9 omezuje nebo br\u00e1n\u00ed komukoli v pou\u017e\u00edv\u00e1n\u00ed nebo u\u017e\u00edv\u00e1n\u00ed Str\u00e1nek nebo kter\u00e9 m\u016f\u017ee po\u0161kodit n\u00e1s nebo u\u017eivatele Str\u00e1nek nebo je vystavit odpov\u011bdnosti.<\/li><\/ul><h2>4. Z\u0159eknut\u00ed se z\u00e1ruk<\/h2><p>4.1. Ve\u0161ker\u00fd obsah na t\u011bchto str\u00e1nk\u00e1ch je poskytov\u00e1n \"tak, jak je\" a \"tak, jak je k dispozici\" bez jak\u00fdchkoli z\u00e1ruk, a\u0165 u\u017e v\u00fdslovn\u00fdch nebo p\u0159edpokl\u00e1dan\u00fdch.<br \/>4.2. Nezaru\u010dujeme, \u017ee Str\u00e1nky budou nep\u0159eru\u0161ovan\u00e9, bezchybn\u00e9, bez vir\u016f nebo jin\u00fdch \u0161kodliv\u00fdch komponent.<br \/>4.3. Neposkytujeme \u017e\u00e1dn\u00e9 z\u00e1ruky ohledn\u011b p\u0159esnosti, \u00faplnosti nebo spolehlivosti jak\u00e9hokoli obsahu. Str\u00e1nky pou\u017e\u00edv\u00e1te na vlastn\u00ed nebezpe\u010d\u00ed.<\/p><h2>5. Omezen\u00ed odpov\u011bdnosti<\/h2><p>5.1. V maxim\u00e1ln\u00edm rozsahu povolen\u00e9m z\u00e1konem nebude v \u017e\u00e1dn\u00e9m p\u0159\u00edpad\u011b <strong>Pra\u017esk\u00e9 designov\u00e9 studio (OSVC)<\/strong> ani jej\u00ed \u0159editel\u00e9, vedouc\u00ed pracovn\u00edci, zam\u011bstnanci, z\u00e1stupci nebo p\u0159idru\u017een\u00e9 spole\u010dnosti nenesou odpov\u011bdnost za jak\u00e9koli p\u0159\u00edm\u00e9, nep\u0159\u00edm\u00e9, n\u00e1hodn\u00e9, n\u00e1sledn\u00e9, zvl\u00e1\u0161tn\u00ed nebo exempl\u00e1rn\u00ed \u0161kody vznikl\u00e9 v d\u016fsledku pou\u017e\u00edv\u00e1n\u00ed nebo nemo\u017enosti pou\u017e\u00edvat tyto str\u00e1nky.<br \/>5.2. Nep\u0159eb\u00edr\u00e1me \u017e\u00e1dnou odpov\u011bdnost za chyby nebo opomenut\u00ed v obsahu uveden\u00e9m na Str\u00e1nk\u00e1ch.<\/p><h2>6. Odkazy a slu\u017eby t\u0159et\u00edch stran<\/h2><p>6.1. Str\u00e1nky mohou obsahovat odkazy na webov\u00e9 str\u00e1nky nebo slu\u017eby t\u0159et\u00edch stran, kter\u00e9 nevlastn\u00edme ani nekontrolujeme. Nem\u00e1me \u017e\u00e1dnou kontrolu nad obsahem, z\u00e1sadami ochrany osobn\u00edch \u00fadaj\u016f nebo postupy jak\u00fdchkoli webov\u00fdch str\u00e1nek nebo slu\u017eeb t\u0159et\u00edch stran a neneseme za n\u011b \u017e\u00e1dnou odpov\u011bdnost.<br \/>6.2. Berete na v\u011bdom\u00ed a souhlas\u00edte s t\u00edm, \u017ee neneseme odpov\u011bdnost za jak\u00e9koli \u0161kody nebo ztr\u00e1ty zp\u016fsoben\u00e9 pou\u017e\u00edv\u00e1n\u00edm obsahu, zbo\u017e\u00ed nebo slu\u017eeb t\u0159et\u00edch stran nebo v souvislosti s nimi.<\/p><h2>7. Od\u0161kodn\u011bn\u00ed<\/h2><p>7.1. Souhlas\u00edte s t\u00edm, \u017ee od\u0161kodn\u00edte, budete br\u00e1nit a nebudete po\u0161kozovat <strong>Pra\u017esk\u00e9 designov\u00e9 studio (OSVC)<\/strong> a jeho \u0159editel\u016fm, vedouc\u00edm pracovn\u00edk\u016fm, zam\u011bstnanc\u016fm, z\u00e1stupc\u016fm a p\u0159idru\u017een\u00fdm spole\u010dnostem z ve\u0161ker\u00fdch n\u00e1rok\u016f, \u0161kod, ztr\u00e1t, z\u00e1vazk\u016f, n\u00e1klad\u016f a v\u00fddaj\u016f (v\u010detn\u011b p\u0159im\u011b\u0159en\u00fdch poplatk\u016f za pr\u00e1vn\u00ed zastoupen\u00ed), kter\u00e9 vznikly v souvislosti s va\u0161\u00edm pou\u017e\u00edv\u00e1n\u00edm Str\u00e1nek, va\u0161\u00edm poru\u0161en\u00edm t\u011bchto Podm\u00ednek nebo va\u0161\u00edm poru\u0161en\u00edm jak\u00fdchkoli pr\u00e1v jin\u00fdch osob.<\/p><h2>8. Rozhodn\u00e9 pr\u00e1vo a soudn\u00ed p\u0159\u00edslu\u0161nost<\/h2><p>8.1. Tyto podm\u00ednky se \u0159\u00edd\u00ed a vykl\u00e1daj\u00ed v souladu se z\u00e1kony [Va\u0161e jurisdikce].<br \/>8.2. Ve\u0161ker\u00e9 spory vznikl\u00e9 na z\u00e1klad\u011b t\u011bchto podm\u00ednek nebo v souvislosti s nimi podl\u00e9haj\u00ed v\u00fdlu\u010dn\u00e9 soudn\u00ed pravomoci soud\u016f v [Va\u0161e jurisdikce] a ka\u017ed\u00e1 strana souhlas\u00ed s p\u0159\u00edslu\u0161nost\u00ed t\u011bchto soud\u016f.<\/p><h2>9. Ukon\u010den\u00ed<\/h2><p>9.1. Vyhrazujeme si pr\u00e1vo dle vlastn\u00edho uv\u00e1\u017een\u00ed kdykoli a bez p\u0159edchoz\u00edho upozorn\u011bn\u00ed ukon\u010dit nebo pozastavit v\u00e1\u0161 p\u0159\u00edstup k cel\u00fdm Str\u00e1nk\u00e1m nebo jejich \u010d\u00e1sti, a to z jak\u00e9hokoli d\u016fvodu, mimo jin\u00e9 v\u010detn\u011b poru\u0161en\u00ed t\u011bchto Podm\u00ednek.<\/p><h2>10. Odd\u011blitelnost<\/h2><p>10.1. Pokud bude n\u011bkter\u00e9 ustanoven\u00ed t\u011bchto podm\u00ednek shled\u00e1no neplatn\u00fdm nebo nevymahateln\u00fdm, ostatn\u00ed ustanoven\u00ed z\u016fst\u00e1vaj\u00ed v platnosti.<\/p><h2>11. \u00dapln\u00e1 dohoda<\/h2><p>11.1. Tyto Podm\u00ednky spolu s dal\u0161\u00edmi pr\u00e1vn\u00edmi upozorn\u011bn\u00edmi nebo dohodami zve\u0159ejn\u011bn\u00fdmi na Str\u00e1nk\u00e1ch p\u0159edstavuj\u00ed \u00faplnou dohodu mezi v\u00e1mi a u\u017eivatelem. <strong>Pra\u017esk\u00e9 designov\u00e9 studio (OSVC)<\/strong> t\u00fdkaj\u00edc\u00ed se pou\u017e\u00edv\u00e1n\u00ed Str\u00e1nek.<\/p><h2>12. Kontaktn\u00ed informace<\/h2><p>12.1. M\u00e1te-li jak\u00e9koli dotazy k t\u011bmto podm\u00ednk\u00e1m, kontaktujte n\u00e1s pros\u00edm na adrese:<strong>info@praguedesignstudio.com<\/strong><\/p><hr \/>\t\t\t\t\t\t\t\t<\/div>\n\t\t\t\t<\/div>\n\t\t\t\t\t<\/div>\n\t\t\t\t<\/div>\n\t\t\t\t<\/div>","protected":false},"excerpt":{"rendered":"<p>Terms and Conditions Last Updated: [Date] Welcome to www.praguedesignstudio.com (\u201cSite\u201d), operated by Prague Design Studio (OSVC) (\u201cwe,\u201d \u201cus,\u201d or \u201cour\u201d). By accessing or using this Site, you agree to be bound by the following terms and conditions (\u201cTerms\u201d). If you do not agree with these Terms, please do not use the Site. 1. Acceptance of&hellip;<\/p>","protected":false},"author":1,"featured_media":0,"parent":0,"menu_order":70,"comment_status":"closed","ping_status":"closed","template":"","meta":{"_themeisle_gutenberg_block_has_review":false,"footnotes":""},"class_list":["post-5475","page","type-page","status-publish","hentry"],"_links":{"self":[{"href":"https:\/\/praguedesignstudio.com\/cs\/wp-json\/wp\/v2\/pages\/5475","targetHints":{"allow":["GET"]}}],"collection":[{"href":"https:\/\/praguedesignstudio.com\/cs\/wp-json\/wp\/v2\/pages"}],"about":[{"href":"https:\/\/praguedesignstudio.com\/cs\/wp-json\/wp\/v2\/types\/page"}],"author":[{"embeddable":true,"href":"https:\/\/praguedesignstudio.com\/cs\/wp-json\/wp\/v2\/users\/1"}],"replies":[{"embeddable":true,"href":"https:\/\/praguedesignstudio.com\/cs\/wp-json\/wp\/v2\/comments?post=5475"}],"version-history":[{"count":0,"href":"https:\/\/praguedesignstudio.com\/cs\/wp-json\/wp\/v2\/pages\/5475\/revisions"}],"wp:attachment":[{"href":"https:\/\/praguedesignstudio.com\/cs\/wp-json\/wp\/v2\/media?parent=5475"}],"curies":[{"name":"wp","href":"https:\/\/api.w.org\/{rel}","templated":true}]}}