{"id":543,"date":"2022-05-18T19:13:47","date_gmt":"2022-05-18T19:13:47","guid":{"rendered":"https:\/\/praguedesignstudio.com\/?page_id=543"},"modified":"2023-11-24T22:19:15","modified_gmt":"2023-11-24T22:19:15","slug":"prague-b2b-photography-solutions","status":"publish","type":"page","link":"https:\/\/praguedesignstudio.com\/cs\/prague-b2b-photography-solutions\/","title":{"rendered":"Prague b2b Photography Solutions"},"content":{"rendered":"<section id=\"wp-block-themeisle-blocks-advanced-columns-c35e1bf3\" class=\"wp-block-themeisle-blocks-advanced-columns alignfull has-3-columns has-desktop-equal-layout has-tablet-equal-layout has-mobile-collapsedRows-layout has-vertical-flex-start\">\r\n<div class=\"wp-block-themeisle-blocks-advanced-columns-overlay\">\u00a0<\/div>\r\n<div class=\"innerblocks-wrap\">\r\n<div id=\"wp-block-themeisle-blocks-advanced-column-7002fb8f\" class=\"wp-block-themeisle-blocks-advanced-column\">\r\n<figure class=\"wp-block-image size-large\"><img decoding=\"async\" class=\"wp-image-314\" src=\"https:\/\/praguedesignstudio.com\/wp-content\/uploads\/2022\/05\/abstract-table.jpg\" alt=\"\" \/><\/figure>\r\n\r\n\r\n\r\n<h3 class=\"has-text-align-left wp-block-heading\">B2B Headshots<\/h3>\r\n\r\n\r\n\r\n<p class=\"has-text-align-left\">Professional look for your team, front desk staff, restaurant chef and others&#8230;<\/p>\r\n\r\n\r\n\r\n<div class=\"wp-block-buttons is-layout-flex wp-block-buttons-is-layout-flex\">\r\n<div class=\"wp-block-button is-style-primary\"><a class=\"wp-block-button__link\" href=\"https:\/\/praguedesignstudio.com\/cs\/contact\/\">Dozv\u011bd\u011bt se v\u00edce<\/a><\/div>\r\n<\/div>\r\n<\/div>\r\n\r\n\r\n\r\n<div id=\"wp-block-themeisle-blocks-advanced-column-3e5aec1f\" class=\"wp-block-themeisle-blocks-advanced-column\">\r\n<figure class=\"wp-block-image size-large\"><img decoding=\"async\" class=\"wp-image-312\" src=\"https:\/\/praguedesignstudio.com\/wp-content\/uploads\/2022\/05\/abstract-chairs.jpg\" alt=\"\" \/><\/figure>\r\n\r\n\r\n\r\n<h3 class=\"has-text-align-left wp-block-heading\">B2b Hotel &amp; Accommodation photography<\/h3>\r\n\r\n\r\n\r\n<p class=\"has-text-align-left\">How do people decide which hotel or resort to stay in? The decision can be a crucial one for the duration of their trip away from home.\u00a0 People go online, search, and look at the photos to gauge how comfortable or appealing their stay will be&#8230;<\/p>\r\n\r\n\r\n\r\n<div class=\"wp-block-buttons is-layout-flex wp-block-buttons-is-layout-flex\">\r\n<div class=\"wp-block-button is-style-primary\"><a class=\"wp-block-button__link\" href=\"https:\/\/praguedesignstudio.com\/cs\/contact\/\">Dozv\u011bd\u011bt se v\u00edce<\/a><\/div>\r\n<\/div>\r\n<\/div>\r\n\r\n\r\n\r\n<div id=\"wp-block-themeisle-blocks-advanced-column-be60fbba\" class=\"wp-block-themeisle-blocks-advanced-column\">\r\n<figure class=\"wp-block-image size-large\"><img decoding=\"async\" class=\"wp-image-311\" src=\"https:\/\/praguedesignstudio.com\/wp-content\/uploads\/2022\/05\/abstract-phone.jpg\" alt=\"\" \/><\/figure>\r\n\r\n\r\n\r\n<h3 class=\"has-text-align-left wp-block-heading\">360 Degree 3D Virtual Reality Tours<\/h3>\r\n\r\n\r\n\r\n<p class=\"has-text-align-left\">People feel inside the hotel they will visit all locations with 360 degree virtual reality tours&#8230;<\/p>\r\n\r\n\r\n\r\n<div class=\"wp-block-buttons is-layout-flex wp-block-buttons-is-layout-flex\">\r\n<div class=\"wp-block-button is-style-primary\"><a class=\"wp-block-button__link\" href=\"https:\/\/praguedesignstudio.com\/cs\/contact\/\">Dozv\u011bd\u011bt se v\u00edce<\/a><\/div>\r\n<\/div>\r\n<\/div>\r\n<\/div>\r\n<\/section>","protected":false},"excerpt":{"rendered":"","protected":false},"author":1,"featured_media":0,"parent":0,"menu_order":0,"comment_status":"closed","ping_status":"closed","template":"","meta":{"_themeisle_gutenberg_block_has_review":false,"footnotes":""},"class_list":["post-543","page","type-page","status-publish","hentry","description-off"],"_links":{"self":[{"href":"https:\/\/praguedesignstudio.com\/cs\/wp-json\/wp\/v2\/pages\/543","targetHints":{"allow":["GET"]}}],"collection":[{"href":"https:\/\/praguedesignstudio.com\/cs\/wp-json\/wp\/v2\/pages"}],"about":[{"href":"https:\/\/praguedesignstudio.com\/cs\/wp-json\/wp\/v2\/types\/page"}],"author":[{"embeddable":true,"href":"https:\/\/praguedesignstudio.com\/cs\/wp-json\/wp\/v2\/users\/1"}],"replies":[{"embeddable":true,"href":"https:\/\/praguedesignstudio.com\/cs\/wp-json\/wp\/v2\/comments?post=543"}],"version-history":[{"count":0,"href":"https:\/\/praguedesignstudio.com\/cs\/wp-json\/wp\/v2\/pages\/543\/revisions"}],"wp:attachment":[{"href":"https:\/\/praguedesignstudio.com\/cs\/wp-json\/wp\/v2\/media?parent=543"}],"curies":[{"name":"wp","href":"https:\/\/api.w.org\/{rel}","templated":true}]}}