{"id":13986,"date":"2024-01-09T11:03:04","date_gmt":"2024-01-09T11:03:04","guid":{"rendered":"https:\/\/praguedesignstudio.com\/contact-2\/"},"modified":"2025-01-30T23:06:23","modified_gmt":"2025-01-30T23:06:23","slug":"contact-2","status":"publish","type":"page","link":"https:\/\/praguedesignstudio.com\/cs\/contact-2\/","title":{"rendered":"Kontakt"},"content":{"rendered":"<div data-elementor-type=\"wp-page\" data-elementor-id=\"13986\" class=\"elementor elementor-13986\" data-elementor-post-type=\"page\">\n\t\t\t\t<div class=\"elementor-element elementor-element-ff0f06f e-con-full e-flex e-con e-parent\" data-id=\"ff0f06f\" data-element_type=\"container\" data-e-type=\"container\">\n\t\t<div class=\"elementor-element elementor-element-9f21160 e-flex e-con-boxed e-con e-child\" data-id=\"9f21160\" data-element_type=\"container\" data-e-type=\"container\">\n\t\t\t\t\t<div class=\"e-con-inner\">\n\t\t\t\t<div class=\"elementor-element elementor-element-d351acf elementor-widget elementor-widget-the7-heading\" data-id=\"d351acf\" data-element_type=\"widget\" data-e-type=\"widget\" data-widget_type=\"the7-heading.default\">\n\t\t\t\t<div class=\"elementor-widget-container\">\n\t\t\t\t\t<h3 class=\"the7-heading-title elementor-size-default\">Za\u010dn\u011bme hned te\u010f!<\/h3>\t\t\t\t<\/div>\n\t\t\t\t<\/div>\n\t\t\t\t<div class=\"elementor-element elementor-element-6942b64 elementor-widget elementor-widget-global elementor-global-16758 elementor-widget-spacer\" data-id=\"6942b64\" data-element_type=\"widget\" data-e-type=\"widget\" data-widget_type=\"spacer.default\">\n\t\t\t\t<div class=\"elementor-widget-container\">\n\t\t\t\t\t\t\t<div class=\"elementor-spacer\">\n\t\t\t<div class=\"elementor-spacer-inner\"><\/div>\n\t\t<\/div>\n\t\t\t\t\t\t<\/div>\n\t\t\t\t<\/div>\n\t\t\t\t\t<\/div>\n\t\t\t\t<\/div>\n\t\t<div class=\"elementor-element elementor-element-4a80ff7 e-flex e-con-boxed e-con e-child\" data-id=\"4a80ff7\" data-element_type=\"container\" data-e-type=\"container\">\n\t\t\t\t\t<div class=\"e-con-inner\">\n\t\t<div class=\"elementor-element elementor-element-17bcd51 e-con-full e-flex e-con e-child\" data-id=\"17bcd51\" data-element_type=\"container\" data-e-type=\"container\">\n\t\t<div class=\"elementor-element elementor-element-f4d6682 e-flex e-con-boxed e-con e-child\" data-id=\"f4d6682\" data-element_type=\"container\" data-e-type=\"container\">\n\t\t\t\t\t<div class=\"e-con-inner\">\n\t\t<div class=\"elementor-element elementor-element-8f23807 e-flex e-con-boxed e-con e-child\" data-id=\"8f23807\" data-element_type=\"container\" data-e-type=\"container\">\n\t\t\t\t\t<div class=\"e-con-inner\">\n\t\t\t\t<div class=\"elementor-element elementor-element-4fdc844 elementor-align-left elementor-widget elementor-widget-the7_icon_widget\" data-id=\"4fdc844\" data-element_type=\"widget\" data-e-type=\"widget\" data-widget_type=\"the7_icon_widget.default\">\n\t\t\t\t<div class=\"elementor-widget-container\">\n\t\t\t\t\t<div class=\"the7-icon-wrapper the7-elementor-widget\"><div class=\"elementor-icon\"><svg xmlns=\"http:\/\/www.w3.org\/2000\/svg\" viewbox=\"0 0 24 24\" width=\"48\" height=\"48\" fill=\"currentColor\"><path d=\"M19.9381 8H21C22.1046 8 23 8.89543 23 10V14C23 15.1046 22.1046 16 21 16H19.9381C19.446 19.9463 16.0796 23 12 23V21C15.3137 21 18 18.3137 18 15V9C18 5.68629 15.3137 3 12 3C8.68629 3 6 5.68629 6 9V16H3C1.89543 16 1 15.1046 1 14V10C1 8.89543 1.89543 8 3 8H4.06189C4.55399 4.05369 7.92038 1 12 1C16.0796 1 19.446 4.05369 19.9381 8ZM3 10V14H4V10H3ZM20 10V14H21V10H20ZM7.75944 15.7849L8.81958 14.0887C9.74161 14.6662 10.8318 15 12 15C13.1682 15 14.2584 14.6662 15.1804 14.0887L16.2406 15.7849C15.0112 16.5549 13.5576 17 12 17C10.4424 17 8.98882 16.5549 7.75944 15.7849Z\"><\/path><\/svg><\/div><\/div>\t\t\t\t<\/div>\n\t\t\t\t<\/div>\n\t\t\t\t<div class=\"elementor-element elementor-element-9a61f1c elementor-widget elementor-widget-the7-heading\" data-id=\"9a61f1c\" data-element_type=\"widget\" data-e-type=\"widget\" data-widget_type=\"the7-heading.default\">\n\t\t\t\t<div class=\"elementor-widget-container\">\n\t\t\t\t\t<h4 class=\"the7-heading-title elementor-size-default\">+420 705 906 298<\/h4>\t\t\t\t<\/div>\n\t\t\t\t<\/div>\n\t\t\t\t<div class=\"elementor-element elementor-element-c0868ef elementor-widget elementor-widget-text-editor\" data-id=\"c0868ef\" data-element_type=\"widget\" data-e-type=\"widget\" data-widget_type=\"text-editor.default\">\n\t\t\t\t<div class=\"elementor-widget-container\">\n\t\t\t\t\t\t\t\t\t<p>Zavolejte n\u00e1m: Po - P\u00e1 9:00 - 19:00 hod.<\/p>\t\t\t\t\t\t\t\t<\/div>\n\t\t\t\t<\/div>\n\t\t\t\t\t<\/div>\n\t\t\t\t<\/div>\n\t\t<div class=\"elementor-element elementor-element-fe27a27 e-flex e-con-boxed e-con e-child\" data-id=\"fe27a27\" data-element_type=\"container\" data-e-type=\"container\">\n\t\t\t\t\t<div class=\"e-con-inner\">\n\t\t\t\t<div class=\"elementor-element elementor-element-d473d12 elementor-align-left elementor-widget elementor-widget-the7_icon_widget\" data-id=\"d473d12\" data-element_type=\"widget\" data-e-type=\"widget\" data-widget_type=\"the7_icon_widget.default\">\n\t\t\t\t<div class=\"elementor-widget-container\">\n\t\t\t\t\t<div class=\"the7-icon-wrapper the7-elementor-widget\"><div class=\"elementor-icon\"><svg xmlns=\"http:\/\/www.w3.org\/2000\/svg\" viewbox=\"0 0 24 24\" width=\"48\" height=\"48\" fill=\"currentColor\"><path d=\"M12 18.4853L16.2426 14.2426C18.5858 11.8995 18.5858 8.10051 16.2426 5.75736C13.8995 3.41421 10.1005 3.41421 7.75736 5.75736C5.41421 8.10051 5.41421 11.8995 7.75736 14.2426L12 18.4853ZM17.6569 15.6569L12 21.3137L6.34315 15.6569C3.21895 12.5327 3.21895 7.46734 6.34315 4.34315C9.46734 1.21895 14.5327 1.21895 17.6569 4.34315C20.781 7.46734 20.781 12.5327 17.6569 15.6569ZM5 22H19V24H5V22Z\"><\/path><\/svg><\/div><\/div>\t\t\t\t<\/div>\n\t\t\t\t<\/div>\n\t\t\t\t<div class=\"elementor-element elementor-element-ab06110 elementor-widget elementor-widget-the7-heading\" data-id=\"ab06110\" data-element_type=\"widget\" data-e-type=\"widget\" data-widget_type=\"the7-heading.default\">\n\t\t\t\t<div class=\"elementor-widget-container\">\n\t\t\t\t\t<h5 class=\"the7-heading-title elementor-size-default\">Praha<\/h5>\t\t\t\t<\/div>\n\t\t\t\t<\/div>\n\t\t\t\t<div class=\"elementor-element elementor-element-bc7a818 elementor-widget elementor-widget-text-editor\" data-id=\"bc7a818\" data-element_type=\"widget\" data-e-type=\"widget\" data-widget_type=\"text-editor.default\">\n\t\t\t\t<div class=\"elementor-widget-container\">\n\t\t\t\t\t\t\t\t\t<p>Praha 6, \u010cesk\u00e1 republika<\/p>\t\t\t\t\t\t\t\t<\/div>\n\t\t\t\t<\/div>\n\t\t\t\t\t<\/div>\n\t\t\t\t<\/div>\n\t\t<div class=\"elementor-element elementor-element-4423fc1 e-flex e-con-boxed e-con e-child\" data-id=\"4423fc1\" data-element_type=\"container\" data-e-type=\"container\">\n\t\t\t\t\t<div class=\"e-con-inner\">\n\t\t\t\t<div class=\"elementor-element elementor-element-0911c56 elementor-align-left elementor-widget elementor-widget-the7_icon_widget\" data-id=\"0911c56\" data-element_type=\"widget\" data-e-type=\"widget\" data-widget_type=\"the7_icon_widget.default\">\n\t\t\t\t<div class=\"elementor-widget-container\">\n\t\t\t\t\t<div class=\"the7-icon-wrapper the7-elementor-widget\"><div class=\"elementor-icon\"><svg xmlns=\"http:\/\/www.w3.org\/2000\/svg\" viewbox=\"0 0 24 24\" width=\"48\" height=\"48\" fill=\"currentColor\"><path d=\"M12 22C6.47715 22 2 17.5228 2 12C2 6.47715 6.47715 2 12 2C17.5228 2 22 6.47715 22 12C22 17.5228 17.5228 22 12 22ZM12 20C16.4183 20 20 16.4183 20 12C20 7.58172 16.4183 4 12 4C7.58172 4 4 7.58172 4 12C4 16.4183 7.58172 20 12 20ZM11 15H13V17H11V15ZM13 13.3551V14H11V12.5C11 11.9477 11.4477 11.5 12 11.5C12.8284 11.5 13.5 10.8284 13.5 10C13.5 9.17157 12.8284 8.5 12 8.5C11.2723 8.5 10.6656 9.01823 10.5288 9.70577L8.56731 9.31346C8.88637 7.70919 10.302 6.5 12 6.5C13.933 6.5 15.5 8.067 15.5 10C15.5 11.5855 14.4457 12.9248 13 13.3551Z\"><\/path><\/svg><\/div><\/div>\t\t\t\t<\/div>\n\t\t\t\t<\/div>\n\t\t\t\t<div class=\"elementor-element elementor-element-9651dfb elementor-widget elementor-widget-the7-heading\" data-id=\"9651dfb\" data-element_type=\"widget\" data-e-type=\"widget\" data-widget_type=\"the7-heading.default\">\n\t\t\t\t<div class=\"elementor-widget-container\">\n\t\t\t\t\t<h5 class=\"the7-heading-title elementor-size-default\">info@praguedesignstudio.com<\/h5>\t\t\t\t<\/div>\n\t\t\t\t<\/div>\n\t\t\t\t<div class=\"elementor-element elementor-element-0754953 elementor-widget elementor-widget-text-editor\" data-id=\"0754953\" data-element_type=\"widget\" data-e-type=\"widget\" data-widget_type=\"text-editor.default\">\n\t\t\t\t<div class=\"elementor-widget-container\">\n\t\t\t\t\t\t\t\t\t<p>Napi\u0161te n\u00e1m kdykoli!<\/p>\t\t\t\t\t\t\t\t<\/div>\n\t\t\t\t<\/div>\n\t\t\t\t\t<\/div>\n\t\t\t\t<\/div>\n\t\t\t\t\t<\/div>\n\t\t\t\t<\/div>\n\t\t<div class=\"elementor-element elementor-element-1da9371 e-flex e-con-boxed e-con e-child\" data-id=\"1da9371\" data-element_type=\"container\" data-e-type=\"container\">\n\t\t\t\t\t<div class=\"e-con-inner\">\n\t\t\t\t<div class=\"elementor-element elementor-element-db0c95a elementor-align-left elementor-widget elementor-widget-the7_icon_widget\" data-id=\"db0c95a\" data-element_type=\"widget\" data-e-type=\"widget\" data-widget_type=\"the7_icon_widget.default\">\n\t\t\t\t<div class=\"elementor-widget-container\">\n\t\t\t\t\t<div class=\"the7-icon-wrapper the7-elementor-widget\"><a class=\"elementor-icon\" href=\"#\"><svg xmlns=\"http:\/\/www.w3.org\/2000\/svg\" viewbox=\"0 0 24 24\"><title>X<\/title><path d=\"M18.901 1.153h3.68l-8.04 9.19L24 22.846h-7.406l-5.8-7.584-6.638 7.584H.474l8.6-9.83L0 1.154h7.594l5.243 6.932ZM17.61 20.644h2.039L6.486 3.24H4.298Z\"><\/path><\/svg><\/a><\/div>\t\t\t\t<\/div>\n\t\t\t\t<\/div>\n\t\t\t\t\t<\/div>\n\t\t\t\t<\/div>\n\t\t\t\t<\/div>\n\t\t\t\t\t<\/div>\n\t\t\t\t<\/div>\n\t\t\t\t<\/div>\n\t\t\t\t<\/div>","protected":false},"excerpt":{"rendered":"<p>Let&#8217;s start right now! +420 705 906 298 Call us: Mon &#8211; Fri 9:00 &#8211; 19:00 Prague Prague 6, Czech Republic info@praguedesignstudio.com Drop us a line anytime! X<\/p>","protected":false},"author":1,"featured_media":0,"parent":0,"menu_order":60,"comment_status":"closed","ping_status":"closed","template":"","meta":{"_themeisle_gutenberg_block_has_review":false,"footnotes":""},"class_list":["post-13986","page","type-page","status-publish","hentry"],"_links":{"self":[{"href":"https:\/\/praguedesignstudio.com\/cs\/wp-json\/wp\/v2\/pages\/13986","targetHints":{"allow":["GET"]}}],"collection":[{"href":"https:\/\/praguedesignstudio.com\/cs\/wp-json\/wp\/v2\/pages"}],"about":[{"href":"https:\/\/praguedesignstudio.com\/cs\/wp-json\/wp\/v2\/types\/page"}],"author":[{"embeddable":true,"href":"https:\/\/praguedesignstudio.com\/cs\/wp-json\/wp\/v2\/users\/1"}],"replies":[{"embeddable":true,"href":"https:\/\/praguedesignstudio.com\/cs\/wp-json\/wp\/v2\/comments?post=13986"}],"version-history":[{"count":0,"href":"https:\/\/praguedesignstudio.com\/cs\/wp-json\/wp\/v2\/pages\/13986\/revisions"}],"wp:attachment":[{"href":"https:\/\/praguedesignstudio.com\/cs\/wp-json\/wp\/v2\/media?parent=13986"}],"curies":[{"name":"wp","href":"https:\/\/api.w.org\/{rel}","templated":true}]}}